{"id":1632,"date":"2014-04-04T20:06:53","date_gmt":"2014-04-04T20:06:53","guid":{"rendered":"http:\/\/www.eglise-wallonie.be\/?page_id=1632"},"modified":"2018-01-24T12:05:09","modified_gmt":"2018-01-24T11:05:09","slug":"liens","status":"publish","type":"page","link":"http:\/\/www.eglise-wallonie.be\/?page_id=1632","title":{"rendered":"Liens"},"content":{"rendered":"<p>Conseil interdioc\u00e9sain des la\u00eecs (C.I.L.)<br \/>\n<a href=\"http:\/\/www.cil.be\/\" target=\"_blank\" rel=\"noopener\">www.cil.be\u00a0 <\/a><\/p>\n<p>R\u00e9seau de mouvements de chr\u00e9tiens r\u00e9formateurs dans l&rsquo;Eglise catholique<br \/>\n<a href=\"http:\/\/www.paves-reseau.be\/\" target=\"_blank\" rel=\"noopener\">www.paves-reseau.be <\/a><\/p>\n<p>Religieux et religieuses en Wallonie et \u00e0 Bruxelles<br \/>\n<a href=\"http:\/\/www.religieux.be\" target=\"_blank\" rel=\"noopener\">www.religieux.be <\/a> ou <a href=\"http:\/\/www.religieuses.be\/\" target=\"_blank\" rel=\"noopener\">www.religieuses.be <\/a><\/p>\n<p>Fondation wallonne Pierre-Marie et Jean-Fran\u00e7ois Humblet<br \/>\n<a href=\"http:\/\/www.fondationwallonne.org\" target=\"_blank\" rel=\"noopener\">www.fondationwallonne.org<\/a><\/p>\n<p>Institut Jules Destr\u00e9e<br \/>\n<a href=\"http:\/\/www.destree.org\/\" target=\"_blank\" rel=\"noopener\">www.institut-destree.eu <\/a><\/p>\n<p>Elie Baussart,conscience de Wallonie<br \/>\n<a href=\"http:\/\/www.eliebaussart.org\" target=\"_blank\" rel=\"noopener\">www.eliebaussart.org<\/a><\/p>\n<p>Toudi<br \/>\n<a href=\"http:\/\/www.larevuetoudi.org\" target=\"_blank\" rel=\"noopener\">www.larevuetoudi.org<\/a><\/p>\n<p>L&rsquo;appel (mensuel d&rsquo;information)<br \/>\n<a href=\"http:\/\/www.magazine-appel.be\" target=\"_blank\" rel=\"noopener\">www.magazine-appel.be<\/a><\/p>\n<p>Dimanche (hebdomadaire)<br \/>\n<a href=\"http:\/\/www.dimanche.be\/\" target=\"_blank\" rel=\"noopener\">www.dimanche.be <\/a><\/p>\n<p>Agence d&rsquo;information religieuse<br \/>\n<a href=\"http:\/\/www.cathobel.be\/\" target=\"_blank\" rel=\"noopener\">www.cathobel.be <\/a><\/p>\n<p>Union Wallonne des Organistes<br \/>\n<a href=\"http:\/\/union-wallonne-organistes.wifeo.com\/\" target=\"_blank\" rel=\"noopener\">http:\/\/union-wallonne-organistes.wifeo.com\/<\/a><\/p>\n<p>Piconrue (art religieux et croyances populaires en Ardenne et Luxembourg)<br \/>\n<a href=\"http:\/\/www.bastogne.be\/piconrue\" target=\"_blank\" rel=\"noopener\">www.bastogne.be\/piconrue<\/a><\/p>\n<p>C<a href=\"https:\/\/sites.google.com\/site\/chirelbw2\/\">omit\u00e9 d&rsquo;histoire religieuse du Brabant wallon (CHIREL)<\/a><\/p>\n<p>Association campanaire wallonne<br \/>\n<a href=\"http:\/\/www.campanole.be\" target=\"_blank\" rel=\"noopener\">www.campanole.be<\/a><a href=\"http:\/\/www.bastogne.be\/piconrue\" target=\"_blank\" rel=\"noopener\"><br \/>\n<\/a><\/p>\n<p><a href=\"https:\/\/www.unamur.be\/bump\/cdrr\">Biblioth\u00e8que du Centre de documentation et de recherche religieuses<\/a>\u00a0(CDRR) (UNAMUR)<\/p>\n<p>Centre interfaces (Namur)<br \/>\n<a href=\"http:\/\/www.fundp.ac.be\/universite\/bibliotheques\/cdrr\/\" target=\"_blank\" rel=\"noopener\">www.fundp.ac.be\/universite\/asbl\/interfaces\/<\/a><\/p>\n<p>Observatoire des relations administratives entre les cultes, la la\u00efcit\u00e9 organis\u00e9e et l\u2019\u00c9tat<br \/>\n<a href=\"http:\/\/oracle.cifop.be\" target=\"_blank\" rel=\"noopener\">http:\/\/oracle.cifop.be <\/a><\/p>\n<p>Biblioth\u00e8que de th\u00e9ologie (Louvain-la-Neuve)<br \/>\n<a href=\"http:\/\/bgsh.fltr.ucl.ac.be\/Btec\/btec.html#generale\" target=\"_blank\" rel=\"noopener\">http:\/\/bgsh.fltr.ucl.ac.be\/Btec\/btec.html#generale <\/a><\/p>\n<p>Lumen vitae (Bruxelles)<br \/>\n<a href=\"http:\/\/www.lumenvitae.be\" target=\"_blank\" rel=\"noopener\">www.lumenvitae.be<\/a><\/p>\n<p>R\u00e9gion wallonne<br \/>\n<a href=\"http:\/\/www.wallonie.be\/\" target=\"_blank\" rel=\"noopener\">www.wallonie.be<\/a><\/p>\n","protected":false},"excerpt":{"rendered":"<p>Conseil interdioc\u00e9sain des la\u00eecs (C.I.L.) www.cil.be\u00a0 R\u00e9seau de mouvements de chr\u00e9tiens r\u00e9formateurs dans l&rsquo;Eglise catholique www.paves-reseau.be Religieux et religieuses en Wallonie et \u00e0 Bruxelles www.religieux.be ou www.religieuses.be Fondation wallonne Pierre-Marie&#8230;<\/p>\n","protected":false},"author":1,"featured_media":0,"parent":0,"menu_order":0,"comment_status":"open","ping_status":"open","template":"","meta":[],"_links":{"self":[{"href":"http:\/\/www.eglise-wallonie.be\/index.php?rest_route=\/wp\/v2\/pages\/1632"}],"collection":[{"href":"http:\/\/www.eglise-wallonie.be\/index.php?rest_route=\/wp\/v2\/pages"}],"about":[{"href":"http:\/\/www.eglise-wallonie.be\/index.php?rest_route=\/wp\/v2\/types\/page"}],"author":[{"embeddable":true,"href":"http:\/\/www.eglise-wallonie.be\/index.php?rest_route=\/wp\/v2\/users\/1"}],"replies":[{"embeddable":true,"href":"http:\/\/www.eglise-wallonie.be\/index.php?rest_route=%2Fwp%2Fv2%2Fcomments&post=1632"}],"version-history":[{"count":7,"href":"http:\/\/www.eglise-wallonie.be\/index.php?rest_route=\/wp\/v2\/pages\/1632\/revisions"}],"predecessor-version":[{"id":2307,"href":"http:\/\/www.eglise-wallonie.be\/index.php?rest_route=\/wp\/v2\/pages\/1632\/revisions\/2307"}],"wp:attachment":[{"href":"http:\/\/www.eglise-wallonie.be\/index.php?rest_route=%2Fwp%2Fv2%2Fmedia&parent=1632"}],"curies":[{"name":"wp","href":"https:\/\/api.w.org\/{rel}","templated":true}]}}