{"id":1846,"date":"2014-04-07T10:39:06","date_gmt":"2014-04-07T10:39:06","guid":{"rendered":"http:\/\/www.eglise-wallonie.be\/?page_id=1846"},"modified":"2021-05-18T16:29:30","modified_gmt":"2021-05-18T14:29:30","slug":"1846-2","status":"publish","type":"page","link":"http:\/\/www.eglise-wallonie.be\/?page_id=1846","title":{"rendered":"Documents"},"content":{"rendered":"<p>&nbsp;<\/p>\n<p><strong>Cette rubrique n\u2019a pas pour but d\u2019\u00eatre exhaustive. Elle a \u00e9t\u00e9 constitu\u00e9e au gr\u00e9 des travaux d\u2019\u00c9glise-Wallonie. <\/strong>Attention : certains ouvrages dont la\u00a0r\u00e9f\u00e9rence appara\u00eet ne sont pas encore charg\u00e9s sur le site.<\/p>\n<p>&nbsp;<\/p>\n<p><span style=\"color: #ff0000;\">Chr\u00e9tiens, chr\u00e9tiennes en Wallonie<\/span><\/p>\n<p>CGAL, <a href=\"http:\/\/www.eglise-wallonie.be\/wp-content\/uploads\/situations_concretes.pdf\">Situations concr\u00e8tes<\/a> \u00e9clair\u00e9es par l\u2019\u00c9vangile, 1977<\/p>\n<p>Jacques Leclercq, Les catholiques et la question wallonne, 1988 (pr\u00e9face de J.P. Demacq I-VIII, introduction par P. Sauvage 1-78, articles de J. Leclercq 79-241)<\/p>\n<p>Dossier <a href=\"http:\/\/www.eglise-wallonie.be\/wp-content\/uploads\/vivre_aujourdhui_belgique_demain.pdf\">\u00ab\u00a0La Belgique de demain \u2026\u00a0\u00bb, Vivre aujourd\u2019hui<\/a>, juin 1978 (F. Martou, A.M. Buysse, L. Mar\u00e9chal, Fr. Massart-Pi\u00e9rard, M. Renard)<\/p>\n<p><a href=\"http:\/\/www.eglise-wallonie.be\/wp-content\/uploads\/revue_nouvelle_eglisedewallonie.pdf\"><img loading=\"lazy\" class=\"size-medium wp-image-2524 alignleft\" src=\"http:\/\/www.eglise-wallonie.be\/wp-content\/uploads\/eglise_wallonie-196x300.jpg\" alt=\"\" width=\"196\" height=\"300\" srcset=\"http:\/\/www.eglise-wallonie.be\/wp-content\/uploads\/eglise_wallonie-196x300.jpg 196w, http:\/\/www.eglise-wallonie.be\/wp-content\/uploads\/eglise_wallonie.jpg 350w\" sizes=\"(max-width: 196px) 100vw, 196px\" \/><\/a>Dossier <a href=\"http:\/\/www.eglise-wallonie.be\/wp-content\/uploads\/revue_nouvelle_eglisedewallonie.pdf\">\u00ab\u00a0L\u2019\u00c9glise en Wallonie\u00a0\u00bb, La revue nouvelle<\/a>, d\u00e9cembre 1968<br \/>\n(J. Delfosse, L. Voy\u00e9, J. Laloux, R. Gosseries, T. Dhanis, J. Ladri\u00e8re, F. Houtart)<\/p>\n<p>&nbsp;<\/p>\n<p>&nbsp;<\/p>\n<p>&nbsp;<\/p>\n<p>&nbsp;<\/p>\n<p>&nbsp;<\/p>\n<p><a href=\"http:\/\/www.eglise-wallonie.be\/wp-content\/uploads\/foi_et_temps_janvier92.pdf\"><img loading=\"lazy\" class=\"size-medium wp-image-2523 alignleft\" src=\"http:\/\/www.eglise-wallonie.be\/wp-content\/uploads\/foi_temps-194x300.jpg\" alt=\"\" width=\"194\" height=\"300\" srcset=\"http:\/\/www.eglise-wallonie.be\/wp-content\/uploads\/foi_temps-194x300.jpg 194w, http:\/\/www.eglise-wallonie.be\/wp-content\/uploads\/foi_temps.jpg 350w\" sizes=\"(max-width: 194px) 100vw, 194px\" \/><\/a>Dossier <a href=\"http:\/\/www.eglise-wallonie.be\/wp-content\/uploads\/foi_et_temps_janvier92.pdf\">\u00ab\u00a0L\u2019\u00c9glise en Wallonie\u00a0\u00bb, La foi et le temps<\/a>, janvier-f\u00e9vrier 1992<br \/>\n(J. Pirson, L. Mar\u00e9chal, M. Libon, T. Dhanis, J.E. Humblet)<\/p>\n<p>&nbsp;<\/p>\n<p>&nbsp;<\/p>\n<p>&nbsp;<\/p>\n<p>&nbsp;<\/p>\n<p>&nbsp;<\/p>\n<p><a href=\"http:\/\/www.eglise-wallonie.be\/wp-content\/uploads\/passeisme_renouveau.pdf\"><img loading=\"lazy\" class=\"size-medium wp-image-2522 alignleft\" src=\"http:\/\/www.eglise-wallonie.be\/wp-content\/uploads\/passeisme_renouveau-191x300.jpg\" alt=\"\" width=\"191\" height=\"300\" srcset=\"http:\/\/www.eglise-wallonie.be\/wp-content\/uploads\/passeisme_renouveau-191x300.jpg 191w, http:\/\/www.eglise-wallonie.be\/wp-content\/uploads\/passeisme_renouveau.jpg 350w\" sizes=\"(max-width: 191px) 100vw, 191px\" \/><\/a><a href=\"http:\/\/www.eglise-wallonie.be\/wp-content\/uploads\/passeisme_renouveau.pdf\">Christianisme en Wallonie et valeurs du pluralisme<\/a> (J.E. Humblet), La pens\u00e9e et les hommes, 1994<\/p>\n<p>&nbsp;<\/p>\n<p>&nbsp;<\/p>\n<p>&nbsp;<\/p>\n<p>&nbsp;<\/p>\n<p>&nbsp;<\/p>\n<p>M.Cheza,<a href=\"http:\/\/www.eglise-wallonie.be\/wp-content\/uploads\/Inculturation-M-Cheza.pdf\"> L&rsquo;inculturation, d\u00e9fi pour toutes les communaut\u00e9s chr\u00e9tiennes<\/a>, 1994<\/p>\n<p><a href=\"http:\/\/www.eglise-wallonie.be\/wp-content\/uploads\/Paul-Malherbe-book.pdf\"><img loading=\"lazy\" class=\"size-medium wp-image-2521 alignleft\" src=\"http:\/\/www.eglise-wallonie.be\/wp-content\/uploads\/Vignette-couverture-Paul-Malherbe_350x884px-217x300.jpg\" alt=\"\" width=\"217\" height=\"300\" srcset=\"http:\/\/www.eglise-wallonie.be\/wp-content\/uploads\/Vignette-couverture-Paul-Malherbe_350x884px-217x300.jpg 217w, http:\/\/www.eglise-wallonie.be\/wp-content\/uploads\/Vignette-couverture-Paul-Malherbe_350x884px.jpg 350w\" sizes=\"(max-width: 217px) 100vw, 217px\" \/><\/a>Abb\u00e9 Paul Malherbe. <a href=\"http:\/\/www.eglise-wallonie.be\/wp-content\/uploads\/Paul-Malherbe-book.pdf\">Traces pour le souvenir et l\u2019action<\/a>, 2017<\/p>\n<p>&nbsp;<\/p>\n<p>&nbsp;<\/p>\n<p>&nbsp;<\/p>\n<p>&nbsp;<\/p>\n<p>&nbsp;<\/p>\n<p><span style=\"color: #ff0000;\">Revue \u00ab\u00a0Subjectif\u00a0\u00bb (JEC)<\/span><\/p>\n<p>octobre 1992, <a href=\"http:\/\/www.eglise-wallonie.be\/wp-content\/uploads\/num9_oct1992.pdf\">Contre les exclusions\u00a0: l\u2019apprentissage de la solidarit\u00e9<\/a><\/p>\n<p>mai 1993, <a href=\"http:\/\/www.eglise-wallonie.be\/wp-content\/uploads\/Subjectif_num10_mai1993-1.pdf\">La Wallonie aux marches du si\u00e8cle<\/a> (J. Pirotte, L. Courtois, J. Louvet, J. P. Hiernaux, J. Fontaine, F. Bismans, nombreux avis de personnalit\u00e9s diverses sur la Wallonie en 2002, T. Mawe, P. Van Cutsem, R. Petrella)<\/p>\n<p>mars 1994, La cit\u00e9 chr\u00e9tienne. \u00c9glise, Pouvoir, Soci\u00e9t\u00e9 (M. D. Zachary, R. Aubert, J.E. Humblet, J. Dr\u00e8ze, F. Houtart, A. Linard, P. de Locht, A. Dermience, H. Monceau, J. Debelle, P. Watt\u00e9, P. Scolas)<\/p>\n<p>&nbsp;<\/p>\n<p><span style=\"color: #ff0000;\">Pastorale ouvri\u00e8re<\/span><\/p>\n<p><a href=\"http:\/\/www.eglise-wallonie.be\/wp-content\/uploads\/parmis_vous.jpg\"><img loading=\"lazy\" class=\"size-medium wp-image-2537 alignleft\" src=\"http:\/\/www.eglise-wallonie.be\/wp-content\/uploads\/parmis_vous-210x300.jpg\" alt=\"\" width=\"210\" height=\"300\" srcset=\"http:\/\/www.eglise-wallonie.be\/wp-content\/uploads\/parmis_vous-210x300.jpg 210w, http:\/\/www.eglise-wallonie.be\/wp-content\/uploads\/parmis_vous.jpg 350w\" sizes=\"(max-width: 210px) 100vw, 210px\" \/><\/a>Parmi-vous \u2026 R\u00e9flexions sur la pastorale ouvri\u00e8re, 1965<br \/>\n(Mgrs Charue et Himmer, R. Schoonbrodt, P. Barrau)<\/p>\n<p>&nbsp;<\/p>\n<p>&nbsp;<\/p>\n<p>&nbsp;<\/p>\n<p>&nbsp;<\/p>\n<p>&nbsp;<\/p>\n<p>Pastorale ouvri\u00e8re, Ciney, 1970 (A. Preud\u2019Homme, T. Dhanis, A. Delacharlerie, A. Colot, Mgr Blaimont)<\/p>\n<p><a href=\"http:\/\/www.eglise-wallonie.be\/wp-content\/uploads\/notes_abbe_dhanis.pdf\">Mouvements ouvriers -histoire et un colloque europ\u00e9en<\/a>, 1973, (T. Dhanis)<\/p>\n<p>&nbsp;<\/p>\n<p><span style=\"color: #ff0000;\">Patrimoine et arts religieux<\/span><\/p>\n<p>Pri\u00e8re pour une <a href=\"http:\/\/www.eglise-wallonie.be\/wp-content\/uploads\/Wallonia-1913-Destr\u00e9e-petite-\u00e9glise.pdf\">petite \u00e9glise wallonne, 1913<\/a> (Jules Destr\u00e9e)<\/p>\n<p><a href=\"http:\/\/www.eglise-wallonie.be\/wp-content\/uploads\/art_eglise_namur1950_1960.jpg\"><img loading=\"lazy\" class=\"size-medium wp-image-2538 alignleft\" src=\"http:\/\/www.eglise-wallonie.be\/wp-content\/uploads\/art_eglise_namur1950_1960-237x300.jpg\" alt=\"\" width=\"237\" height=\"300\" srcset=\"http:\/\/www.eglise-wallonie.be\/wp-content\/uploads\/art_eglise_namur1950_1960-237x300.jpg 237w, http:\/\/www.eglise-wallonie.be\/wp-content\/uploads\/art_eglise_namur1950_1960.jpg 350w\" sizes=\"(max-width: 237px) 100vw, 237px\" \/><\/a>Namur (dioc\u00e8se) 1950-1960 (Mgr Charue, Andr\u00e9 Lanotte), voir aussi <a href=\"http:\/\/www.eglise-wallonie.be\/wp-content\/uploads\/\u00ab-Andr\u00e9-Lanotte-homme-d\u2019art-et-d\u2019esp\u00e9rance.-1914-2010-\u00bb-par-Marthe-BLANPAIN-aux-Editions-Namurois.pdf\">compte-rendu du livre<\/a> sur Andr\u00e9 Lanotte par Andr\u00e9 Haquin<\/p>\n<p><img loading=\"lazy\" class=\"details-image\" draggable=\"false\" src=\"http:\/\/www.eglise-wallonie.be\/wp-content\/uploads\/1655-Marbehan-polychromie-LM-Londot.jpg\" alt=\"\" width=\"152\" height=\"238\" \/><\/p>\n<p>&nbsp;<\/p>\n<p><a href=\"http:\/\/www.eglise-wallonie.be\/wp-content\/uploads\/confluent_laiton_dinanderie.jpg\"><img loading=\"lazy\" class=\"size-medium wp-image-2539 alignleft\" src=\"http:\/\/www.eglise-wallonie.be\/wp-content\/uploads\/confluent_laiton_dinanderie-215x300.jpg\" alt=\"\" width=\"215\" height=\"300\" srcset=\"http:\/\/www.eglise-wallonie.be\/wp-content\/uploads\/confluent_laiton_dinanderie-215x300.jpg 215w, http:\/\/www.eglise-wallonie.be\/wp-content\/uploads\/confluent_laiton_dinanderie.jpg 350w\" sizes=\"(max-width: 215px) 100vw, 215px\" \/><\/a>Laiton et dinanderie<\/p>\n<p>&nbsp;<\/p>\n<p>&nbsp;<\/p>\n<p>&nbsp;<\/p>\n<p>&nbsp;<\/p>\n<p>&nbsp;<\/p>\n<p><a href=\"http:\/\/www.eglise-wallonie.be\/wp-content\/uploads\/confluent_neogothique_wallonie.pdf\"><img loading=\"lazy\" class=\"alignleft wp-image-2539 size-medium\" src=\"http:\/\/www.eglise-wallonie.be\/wp-content\/uploads\/confluent_neogothique_wallonie.jpg\" alt=\"\" width=\"215\" height=\"300\" \/><\/a>N\u00e9ogothique<\/p>\n<p>&nbsp;<\/p>\n<p>&nbsp;<\/p>\n<p>&nbsp;<\/p>\n<p>&nbsp;<\/p>\n<p>&nbsp;<\/p>\n<p>&nbsp;<\/p>\n<p><span style=\"color: #ff0000;\">Wallonie<\/span><\/p>\n<p><a href=\"http:\/\/www.eglise-wallonie.be\/wp-content\/uploads\/vivre_aujourdhui_wallonie.jpg\"><img loading=\"lazy\" class=\"size-medium wp-image-2542 alignleft\" src=\"http:\/\/www.eglise-wallonie.be\/wp-content\/uploads\/vivre_aujourdhui_wallonie-207x300.jpg\" alt=\"\" width=\"207\" height=\"300\" srcset=\"http:\/\/www.eglise-wallonie.be\/wp-content\/uploads\/vivre_aujourdhui_wallonie-207x300.jpg 207w, http:\/\/www.eglise-wallonie.be\/wp-content\/uploads\/vivre_aujourdhui_wallonie.jpg 350w\" sizes=\"(max-width: 207px) 100vw, 207px\" \/><\/a>Dossier \u00ab\u00a0Wallonie\u00a0\u00bb, Vivre aujourd\u2019hui, 1973<br \/>\n(A. Delourme, A. Califice, J. Henrotte, J. Duvieusart, M. Hicter, A. Monnom)2015<\/p>\n<p>&nbsp;<\/p>\n<p>&nbsp;<\/p>\n<p>&nbsp;<\/p>\n<p>&nbsp;<\/p>\n<p>&nbsp;<\/p>\n<p><span style=\"color: #ff0000;\">Climat, \u00e9cologie<\/span><\/p>\n<p>Lettre encyclique du pape Fran\u00e7ois \u00ab <a href=\"http:\/\/www.eglise-wallonie.be\/wp-content\/uploads\/Encyclique-Laudato-Si.pdf\">Laudato Si\u2019<\/a>\u00a0\u00bb, 2015<\/p>\n<p><a href=\"http:\/\/www.eglise-wallonie.be\/wp-content\/uploads\/Reporterre-Th\u00e9ologie-de-la-lib\u00e9ration-.pdf\">L\u2019encyclique et la th\u00e9ologie de la lib\u00e9ration<\/a>, 2015<\/p>\n<p>Monthly Review, Micha\u00ebl Lowy, <a href=\"http:\/\/www.eglise-wallonie.be\/wp-content\/uploads\/Monthly-Review.pdf\">Laudato Si&rsquo; &#8211; The Pope&rsquo;s Anti-Systemic Encyclical<\/a>, 2015<\/p>\n<p>D\u00e9mocratie, Micha\u00ebl Lowy, <a href=\"http:\/\/www.eglise-wallonie.be\/wp-content\/uploads\/Democratie.pdf\">Une encyclop\u00e9die \u00ab\u00a0anti-syst\u00e9mique\u00a0\u00bb<\/a>, 2016<\/p>\n<p>&nbsp;<\/p>\n<p><span style=\"color: #ff0000;\">Institutions<\/span><\/p>\n<p><a href=\"http:\/\/www.eglise-wallonie.be\/wp-content\/uploads\/declaration_pastorale.pdf\">Avenir \u00e9conomique des provinces de Namur et de Luxembourg<\/a>, 1963 (Mgr Charue)<\/p>\n<p>Session dioc\u00e9saine de NASSOGNE, mars 1980, Analyse de la soci\u00e9t\u00e9 (Mgr Matten, M. Qu\u00e9vit, J. Daems, M. Barbeaux, T. Dhanis)<\/p>\n<p><a href=\"http:\/\/www.eglise-wallonie.be\/wp-content\/uploads\/eglise_hainaut_avec_les_pauvres.pdf\"><img loading=\"lazy\" class=\"size-medium wp-image-2548 alignleft\" src=\"http:\/\/www.eglise-wallonie.be\/wp-content\/uploads\/eglise_hainaut_avec_les_pauvres-170x300.jpg\" alt=\"\" width=\"170\" height=\"300\" srcset=\"http:\/\/www.eglise-wallonie.be\/wp-content\/uploads\/eglise_hainaut_avec_les_pauvres-170x300.jpg 170w, http:\/\/www.eglise-wallonie.be\/wp-content\/uploads\/eglise_hainaut_avec_les_pauvres.jpg 350w\" sizes=\"(max-width: 170px) 100vw, 170px\" \/><\/a><a href=\"http:\/\/www.eglise-wallonie.be\/wp-content\/uploads\/eglise_hainaut_avec_les_pauvres.pdf\">\u00c9glise du Hainaut et pauvret\u00e9<\/a>, 1996<br \/>\n(d\u00e9claration du dioc\u00e8se de Tournai)<\/p>\n","protected":false},"excerpt":{"rendered":"<p>&nbsp; Cette rubrique n\u2019a pas pour but d\u2019\u00eatre exhaustive. Elle a \u00e9t\u00e9 constitu\u00e9e au gr\u00e9 des travaux d\u2019\u00c9glise-Wallonie. Attention : certains ouvrages dont la\u00a0r\u00e9f\u00e9rence appara\u00eet ne sont pas encore charg\u00e9s&#8230;<\/p>\n","protected":false},"author":1,"featured_media":0,"parent":0,"menu_order":0,"comment_status":"open","ping_status":"open","template":"","meta":[],"_links":{"self":[{"href":"http:\/\/www.eglise-wallonie.be\/index.php?rest_route=\/wp\/v2\/pages\/1846"}],"collection":[{"href":"http:\/\/www.eglise-wallonie.be\/index.php?rest_route=\/wp\/v2\/pages"}],"about":[{"href":"http:\/\/www.eglise-wallonie.be\/index.php?rest_route=\/wp\/v2\/types\/page"}],"author":[{"embeddable":true,"href":"http:\/\/www.eglise-wallonie.be\/index.php?rest_route=\/wp\/v2\/users\/1"}],"replies":[{"embeddable":true,"href":"http:\/\/www.eglise-wallonie.be\/index.php?rest_route=%2Fwp%2Fv2%2Fcomments&post=1846"}],"version-history":[{"count":51,"href":"http:\/\/www.eglise-wallonie.be\/index.php?rest_route=\/wp\/v2\/pages\/1846\/revisions"}],"predecessor-version":[{"id":2721,"href":"http:\/\/www.eglise-wallonie.be\/index.php?rest_route=\/wp\/v2\/pages\/1846\/revisions\/2721"}],"wp:attachment":[{"href":"http:\/\/www.eglise-wallonie.be\/index.php?rest_route=%2Fwp%2Fv2%2Fmedia&parent=1846"}],"curies":[{"name":"wp","href":"https:\/\/api.w.org\/{rel}","templated":true}]}}