{"id":75,"date":"2014-04-04T15:42:12","date_gmt":"2014-04-04T15:42:12","guid":{"rendered":"http:\/\/www.eglise-wallonie.be\/?page_id=75"},"modified":"2018-01-24T12:09:16","modified_gmt":"2018-01-24T11:09:16","slug":"75-2","status":"publish","type":"page","link":"http:\/\/www.eglise-wallonie.be\/?page_id=75","title":{"rendered":"Vivre en Wallonie"},"content":{"rendered":"<p>Terre de premi\u00e8re industrialisation apr\u00e8s celle de l&rsquo;Angleterre, terre agricole et foresti\u00e8re, terre de culture, terre d&rsquo;immigrations, la Wallonie est confront\u00e9e \u00e0 un imp\u00e9ratif de renouvellement de sa structure \u00e9conomique, tout en devant faire face \u00e0 des in\u00e9galit\u00e9s sociales et \u00e0 des disparit\u00e9s de d\u00e9veloppement sur son territoire.<\/p>\n<p>Prendre la mesure de ces \u00e9volutions, b\u00e2tir un devenir wallon, source de bien-\u00eatre pour toutes et tous\u00a0: le mouvement Eglise-Wallonie veut apporter sa contribution \u00e0 ce projet de soci\u00e9t\u00e9. Il le fait \u00e0 travers des journ\u00e9es d&rsquo;\u00e9tudes, des publications, des prises de position relayant les engagements de ses membres actifs dans diff\u00e9rents milieux professionnels, socio-\u00e9conomiques ou culturels.<\/p>\n<p>Vivre en Wallonie, c&rsquo;est \u00e9galement vouloir une soci\u00e9t\u00e9 de libre expression, de pluralisme, de d\u00e9bat v\u00e9ritable, loin des piliers traditionnels et des fondamentalismes religieux, philosophiques, ou socio-\u00e9conomiques.<\/p>\n","protected":false},"excerpt":{"rendered":"<p>Terre de premi\u00e8re industrialisation apr\u00e8s celle de l&rsquo;Angleterre, terre agricole et foresti\u00e8re, terre de culture, terre d&rsquo;immigrations, la Wallonie est confront\u00e9e \u00e0 un imp\u00e9ratif de renouvellement de sa structure \u00e9conomique,&#8230;<\/p>\n","protected":false},"author":1,"featured_media":0,"parent":0,"menu_order":0,"comment_status":"open","ping_status":"open","template":"","meta":[],"_links":{"self":[{"href":"http:\/\/www.eglise-wallonie.be\/index.php?rest_route=\/wp\/v2\/pages\/75"}],"collection":[{"href":"http:\/\/www.eglise-wallonie.be\/index.php?rest_route=\/wp\/v2\/pages"}],"about":[{"href":"http:\/\/www.eglise-wallonie.be\/index.php?rest_route=\/wp\/v2\/types\/page"}],"author":[{"embeddable":true,"href":"http:\/\/www.eglise-wallonie.be\/index.php?rest_route=\/wp\/v2\/users\/1"}],"replies":[{"embeddable":true,"href":"http:\/\/www.eglise-wallonie.be\/index.php?rest_route=%2Fwp%2Fv2%2Fcomments&post=75"}],"version-history":[{"count":4,"href":"http:\/\/www.eglise-wallonie.be\/index.php?rest_route=\/wp\/v2\/pages\/75\/revisions"}],"predecessor-version":[{"id":1625,"href":"http:\/\/www.eglise-wallonie.be\/index.php?rest_route=\/wp\/v2\/pages\/75\/revisions\/1625"}],"wp:attachment":[{"href":"http:\/\/www.eglise-wallonie.be\/index.php?rest_route=%2Fwp%2Fv2%2Fmedia&parent=75"}],"curies":[{"name":"wp","href":"https:\/\/api.w.org\/{rel}","templated":true}]}}