{"id":1714,"date":"2014-04-04T21:34:30","date_gmt":"2014-04-04T21:34:30","guid":{"rendered":"http:\/\/www.eglise-wallonie.be\/?page_id=1714"},"modified":"2019-11-07T11:01:41","modified_gmt":"2019-11-07T10:01:41","slug":"livres","status":"publish","type":"page","link":"https:\/\/www.eglise-wallonie.be\/?page_id=1714","title":{"rendered":"Livres"},"content":{"rendered":"<p>&nbsp;<br \/>\n<a href=\"http:\/\/www.eglise-wallonie.be\/wp-content\/uploads\/chances_risques.jpg\"><img loading=\"lazy\" class=\"size-medium wp-image-2577 alignleft\" src=\"http:\/\/www.eglise-wallonie.be\/wp-content\/uploads\/chances_risques-205x300.jpg\" alt=\"\" width=\"205\" height=\"300\" srcset=\"https:\/\/www.eglise-wallonie.be\/wp-content\/uploads\/chances_risques-205x300.jpg 205w, https:\/\/www.eglise-wallonie.be\/wp-content\/uploads\/chances_risques-768x1124.jpg 768w, https:\/\/www.eglise-wallonie.be\/wp-content\/uploads\/chances_risques-700x1024.jpg 700w, https:\/\/www.eglise-wallonie.be\/wp-content\/uploads\/chances_risques.jpg 1490w\" sizes=\"(max-width: 205px) 100vw, 205px\" \/><\/a><a href=\"http:\/\/www.eglise-wallonie.be\/wp-content\/uploads\/jalons_histoire_religieuse.jpg\"><img loading=\"lazy\" class=\"size-medium wp-image-2578 alignleft\" src=\"http:\/\/www.eglise-wallonie.be\/wp-content\/uploads\/jalons_histoire_religieuse-208x300.jpg\" alt=\"\" width=\"208\" height=\"300\" srcset=\"https:\/\/www.eglise-wallonie.be\/wp-content\/uploads\/jalons_histoire_religieuse-208x300.jpg 208w, https:\/\/www.eglise-wallonie.be\/wp-content\/uploads\/jalons_histoire_religieuse.jpg 350w\" sizes=\"(max-width: 208px) 100vw, 208px\" \/><\/a><a href=\"http:\/\/www.eglise-wallonie.be\/wp-content\/uploads\/eglise_wallonie_2_1988.pdf\"><img loading=\"lazy\" class=\"size-medium wp-image-2574 alignleft\" src=\"http:\/\/www.eglise-wallonie.be\/wp-content\/uploads\/eglise_wallonie_2_1988-184x300.jpg\" alt=\"\" width=\"184\" height=\"300\" srcset=\"https:\/\/www.eglise-wallonie.be\/wp-content\/uploads\/eglise_wallonie_2_1988-184x300.jpg 184w, https:\/\/www.eglise-wallonie.be\/wp-content\/uploads\/eglise_wallonie_2_1988-768x1249.jpg 768w, https:\/\/www.eglise-wallonie.be\/wp-content\/uploads\/eglise_wallonie_2_1988-630x1024.jpg 630w, https:\/\/www.eglise-wallonie.be\/wp-content\/uploads\/eglise_wallonie_2_1988.jpg 1517w\" sizes=\"(max-width: 184px) 100vw, 184px\" \/><\/a><a href=\"http:\/\/www.eglise-wallonie.be\/wp-content\/uploads\/eglise_wallonie_1_1988.pdf\"><img loading=\"lazy\" class=\"size-medium wp-image-2573 alignleft\" src=\"http:\/\/www.eglise-wallonie.be\/wp-content\/uploads\/eglise_wallonie_1_1988-184x300.jpg\" alt=\"\" width=\"184\" height=\"300\" srcset=\"https:\/\/www.eglise-wallonie.be\/wp-content\/uploads\/eglise_wallonie_1_1988-184x300.jpg 184w, https:\/\/www.eglise-wallonie.be\/wp-content\/uploads\/eglise_wallonie_1_1988-768x1249.jpg 768w, https:\/\/www.eglise-wallonie.be\/wp-content\/uploads\/eglise_wallonie_1_1988-630x1024.jpg 630w, https:\/\/www.eglise-wallonie.be\/wp-content\/uploads\/eglise_wallonie_1_1988.jpg 1517w\" sizes=\"(max-width: 184px) 100vw, 184px\" \/><\/a><\/p>\n<p>&nbsp;<\/p>\n<p>&nbsp;<\/p>\n<p>&nbsp;<\/p>\n<p>&nbsp;<\/p>\n<p>&nbsp;<\/p>\n<p>&nbsp;<\/p>\n<p><a href=\"http:\/\/www.eglise-wallonie.be\/wp-content\/uploads\/num15_sept1994.pdf\">Assembl\u00e9e interdioc\u00e9saine<\/a> du 25 septembre 1994 \u00ab Foi et soci\u00e9t\u00e9 \u00bb, Pour une \u00c9glise dans la soci\u00e9t\u00e9 wallonne, num\u00e9ro commun \u00e0 \u00c9glise-Wallonie, Subjectif (JEC SUP), Fondation Baussart (G. Ryckmans, G. Ringlet, R. Petrella, Y. W\u00e9zel, L. Vandendorpe, Christine Bomboir, L. Mar\u00e9chal, G. Fourez, J. E. Humblet, J. Dewez)<\/p>\n<p><a href=\"http:\/\/www.eglise-wallonie.be\/wp-content\/uploads\/num_special_mai1997.pdf\">Actes du colloque de Floreffe<\/a>, 1955, Valeurs, \u00c9glise et Wallonie, num\u00e9ro commun \u00e0 \u00c9glise-Wallonie, Subjectif (JEC SUP), Fondation Baussart (J.E. Humblet, M.D. Zachary, Christine Bomboir, Paul G\u00e9rardin)<\/p>\n<p><a href=\"http:\/\/www.eglise-wallonie.be\/wp-content\/uploads\/histoire_monde_catho.pdf\"><img loading=\"lazy\" class=\"size-medium wp-image-2575 alignleft\" src=\"http:\/\/www.eglise-wallonie.be\/wp-content\/uploads\/histoire_monde_catho-203x300.jpg\" alt=\"\" width=\"203\" height=\"300\" srcset=\"https:\/\/www.eglise-wallonie.be\/wp-content\/uploads\/histoire_monde_catho-203x300.jpg 203w, https:\/\/www.eglise-wallonie.be\/wp-content\/uploads\/histoire_monde_catho-768x1138.jpg 768w, https:\/\/www.eglise-wallonie.be\/wp-content\/uploads\/histoire_monde_catho-691x1024.jpg 691w\" sizes=\"(max-width: 203px) 100vw, 203px\" \/><\/a><a href=\"http:\/\/www.eglise-wallonie.be\/wp-content\/uploads\/jean_guillaume.jpg\"><img loading=\"lazy\" class=\"size-medium wp-image-2576 alignleft\" src=\"http:\/\/www.eglise-wallonie.be\/wp-content\/uploads\/jean_guillaume-292x300.jpg\" alt=\"\" width=\"292\" height=\"300\" srcset=\"https:\/\/www.eglise-wallonie.be\/wp-content\/uploads\/jean_guillaume-292x300.jpg 292w, https:\/\/www.eglise-wallonie.be\/wp-content\/uploads\/jean_guillaume-768x789.jpg 768w, https:\/\/www.eglise-wallonie.be\/wp-content\/uploads\/jean_guillaume-997x1024.jpg 997w, https:\/\/www.eglise-wallonie.be\/wp-content\/uploads\/jean_guillaume.jpg 1598w\" sizes=\"(max-width: 292px) 100vw, 292px\" \/><\/a><\/p>\n","protected":false},"excerpt":{"rendered":"<p>&nbsp; &nbsp; &nbsp; &nbsp; &nbsp; &nbsp; &nbsp; Assembl\u00e9e interdioc\u00e9saine du 25 septembre 1994 \u00ab Foi et soci\u00e9t\u00e9 \u00bb, Pour une \u00c9glise dans la soci\u00e9t\u00e9 wallonne, num\u00e9ro commun \u00e0 \u00c9glise-Wallonie, Subjectif&#8230;<\/p>\n","protected":false},"author":1,"featured_media":0,"parent":0,"menu_order":0,"comment_status":"open","ping_status":"open","template":"","meta":[],"_links":{"self":[{"href":"https:\/\/www.eglise-wallonie.be\/index.php?rest_route=\/wp\/v2\/pages\/1714"}],"collection":[{"href":"https:\/\/www.eglise-wallonie.be\/index.php?rest_route=\/wp\/v2\/pages"}],"about":[{"href":"https:\/\/www.eglise-wallonie.be\/index.php?rest_route=\/wp\/v2\/types\/page"}],"author":[{"embeddable":true,"href":"https:\/\/www.eglise-wallonie.be\/index.php?rest_route=\/wp\/v2\/users\/1"}],"replies":[{"embeddable":true,"href":"https:\/\/www.eglise-wallonie.be\/index.php?rest_route=%2Fwp%2Fv2%2Fcomments&post=1714"}],"version-history":[{"count":16,"href":"https:\/\/www.eglise-wallonie.be\/index.php?rest_route=\/wp\/v2\/pages\/1714\/revisions"}],"predecessor-version":[{"id":2593,"href":"https:\/\/www.eglise-wallonie.be\/index.php?rest_route=\/wp\/v2\/pages\/1714\/revisions\/2593"}],"wp:attachment":[{"href":"https:\/\/www.eglise-wallonie.be\/index.php?rest_route=%2Fwp%2Fv2%2Fmedia&parent=1714"}],"curies":[{"name":"wp","href":"https:\/\/api.w.org\/{rel}","templated":true}]}}