{"id":1772,"date":"2014-04-07T08:54:43","date_gmt":"2014-04-07T08:54:43","guid":{"rendered":"http:\/\/www.eglise-wallonie.be\/?page_id=1772"},"modified":"2018-01-24T12:03:20","modified_gmt":"2018-01-24T11:03:20","slug":"recensions","status":"publish","type":"page","link":"https:\/\/www.eglise-wallonie.be\/?page_id=1772","title":{"rendered":"Recensions"},"content":{"rendered":"<h3><span style=\"color: #ff6600;\">Jacques Briard <a href=\"http:\/\/www.eglise-wallonie.be\/wp-content\/uploads\/LPHDMB.pdf\"><img loading=\"lazy\" src=\"http:\/\/www.eglise-wallonie.be\/wp-content\/uploads\/PDF-300x300.png\" alt=\"PDF\" width=\"31\" height=\"31\" \/><\/a><br \/>\n<\/span><\/h3>\n<p><span style=\"color: #000000;\"><a><span style=\"color: #000000;\">Les petites heures de Madame Bourtonbourt\u00a0<\/span><\/a><\/span><span style=\"color: #000000;\">\u00e0 la mode de Namur, Ernest Dejaifve<br \/>\n<\/span><\/p>\n<h3><span style=\"color: #ff6600;\"> Jacques Briard<\/span><\/h3>\n<p><span style=\"color: #000000;\"><a><span style=\"color: #000000;\">Entre v\u00eapres et maraude<\/span><\/a>. <\/span><br \/>\n<span style=\"color: #000000;\">L\u2019enfance en Ardenne de 1850 \u00e0 1950<\/span><\/p>\n<h3><span style=\"color: #000000;\"><span style=\"color: #ff6600;\">\u00c9douard Brion<\/span> <a href=\"http:\/\/www.eglise-wallonie.be\/wp-content\/uploads\/GilliardEWW.pdf\"><img loading=\"lazy\" class=\"alignnone wp-image-1778\" src=\"http:\/\/www.eglise-wallonie.be\/wp-content\/uploads\/PDF-300x300.png\" alt=\"PDF\" width=\"31\" height=\"31\" srcset=\"https:\/\/www.eglise-wallonie.be\/wp-content\/uploads\/PDF-300x300.png 300w, https:\/\/www.eglise-wallonie.be\/wp-content\/uploads\/PDF-150x150.png 150w, https:\/\/www.eglise-wallonie.be\/wp-content\/uploads\/PDF-420x420.png 420w, https:\/\/www.eglise-wallonie.be\/wp-content\/uploads\/PDF.png 512w\" sizes=\"(max-width: 31px) 100vw, 31px\" \/><\/a><\/span><\/h3>\n<h3><\/h3>\n<p><span style=\"color: #000000;\"><a><span style=\"color: #000000;\">Les djous raco\u00fbtichnu. Rat\u00fbrardjes d\u00e8l d\u00e9r\u00e8ne b\u00e9gu\u00e8ne di Goy\u00e8t<\/span><\/a> , Emile Gilliard<br \/>\n<\/span><\/p>\n<h3><\/h3>\n<h3><span style=\"color: #ff6600;\">Joseph Dewez <a href=\"http:\/\/www.eglise-wallonie.be\/wp-content\/uploads\/Gillet.pdf\"><img loading=\"lazy\" src=\"http:\/\/www.eglise-wallonie.be\/wp-content\/uploads\/PDF-300x300.png\" alt=\"PDF\" width=\"31\" height=\"31\" \/><\/a><br \/>\n<\/span><\/h3>\n<p><span style=\"color: #000000;\"><a><span style=\"color: #000000;\">Li latin sins d\u00eere \u00e2m\u00e8n<\/span><\/a>. <\/span><br \/>\n<span style=\"color: #000000;\">Langue du culte et parodies dialectales, Maurice Gille<\/span><\/p>\n","protected":false},"excerpt":{"rendered":"<p>Jacques Briard Les petites heures de Madame Bourtonbourt\u00a0\u00e0 la mode de Namur, Ernest Dejaifve Jacques Briard Entre v\u00eapres et maraude. L\u2019enfance en Ardenne de 1850 \u00e0 1950 \u00c9douard Brion Les&#8230;<\/p>\n","protected":false},"author":1,"featured_media":0,"parent":0,"menu_order":0,"comment_status":"open","ping_status":"open","template":"","meta":[],"_links":{"self":[{"href":"https:\/\/www.eglise-wallonie.be\/index.php?rest_route=\/wp\/v2\/pages\/1772"}],"collection":[{"href":"https:\/\/www.eglise-wallonie.be\/index.php?rest_route=\/wp\/v2\/pages"}],"about":[{"href":"https:\/\/www.eglise-wallonie.be\/index.php?rest_route=\/wp\/v2\/types\/page"}],"author":[{"embeddable":true,"href":"https:\/\/www.eglise-wallonie.be\/index.php?rest_route=\/wp\/v2\/users\/1"}],"replies":[{"embeddable":true,"href":"https:\/\/www.eglise-wallonie.be\/index.php?rest_route=%2Fwp%2Fv2%2Fcomments&post=1772"}],"version-history":[{"count":7,"href":"https:\/\/www.eglise-wallonie.be\/index.php?rest_route=\/wp\/v2\/pages\/1772\/revisions"}],"predecessor-version":[{"id":2306,"href":"https:\/\/www.eglise-wallonie.be\/index.php?rest_route=\/wp\/v2\/pages\/1772\/revisions\/2306"}],"wp:attachment":[{"href":"https:\/\/www.eglise-wallonie.be\/index.php?rest_route=%2Fwp%2Fv2%2Fmedia&parent=1772"}],"curies":[{"name":"wp","href":"https:\/\/api.w.org\/{rel}","templated":true}]}}