{"id":1838,"date":"2014-04-07T10:36:13","date_gmt":"2014-04-07T10:36:13","guid":{"rendered":"http:\/\/www.eglise-wallonie.be\/?page_id=1838"},"modified":"2019-11-07T14:58:14","modified_gmt":"2019-11-07T13:58:14","slug":"en-wallon","status":"publish","type":"page","link":"https:\/\/www.eglise-wallonie.be\/?page_id=1838","title":{"rendered":"En wallon"},"content":{"rendered":"<p>&nbsp;<\/p>\n<h4><\/h4>\n<h4><\/h4>\n<h4><a href=\"http:\/\/www.eglise-wallonie.be\/wp-content\/uploads\/pri\u00e8re_wallonie.jpg\"><img loading=\"lazy\" class=\"wp-image-2595 alignleft\" src=\"http:\/\/www.eglise-wallonie.be\/wp-content\/uploads\/pri\u00e8re_wallonie-199x300.jpg\" alt=\"\" width=\"199\" height=\"300\" srcset=\"https:\/\/www.eglise-wallonie.be\/wp-content\/uploads\/pri\u00e8re_wallonie-199x300.jpg 199w, https:\/\/www.eglise-wallonie.be\/wp-content\/uploads\/pri\u00e8re_wallonie.jpg 350w\" sizes=\"(max-width: 199px) 100vw, 199px\" \/><\/a><\/h4>\n<p><strong><span style=\"color: #ff6600;\">Union Culturelle Wallonne<\/span><\/strong><\/p>\n<p><a href=\"http:\/\/www.eglise-wallonie.be\/wp-content\/uploads\/pri\u00e8re_pour_wallonie.pdf\">Pri\u00e8re pour la Wallonie<\/a><\/p>\n<p>pr\u00e9face de Louis Dubois<\/p>\n<p>en 8 dialectes :<\/p>\n<p>Namur (dialecte de Moustier-sur-Sambre), Le Centre (dialecte de La Louvi\u00e8re),<\/p>\n<p>Charleroi (dialecte de Jumet), Neufchateau (dialecte de Warmifontaine),<\/p>\n<p>Li\u00e8ge, Gaume (dialecte de Habay-la-Vieille),<\/p>\n<p>Pays Picard (dialecte de Blandain), Borinage (dialecte de Framerie).<\/p>\n<p>&nbsp;<\/p>\n<h4><span style=\"color: #ff6600;\">MESSES DES FETES DE WALLONIE A NAMUR<\/span><\/h4>\n<p>Lundi 22 septembre 2008, la messe a \u00e9t\u00e9 c\u00e9l\u00e9br\u00e9e en wallon par l&rsquo;abb\u00e9 Paul Malherbe, cur\u00e9 de la paroisse Saint-Jean-Baptiste et Saint-Loup, et les abb\u00e9s Dardenne et Gillet.<br \/>\nLe sermon, \u00e9galement en wallon, a \u00e9t\u00e9 prononc\u00e9 pour la 30e fois par l&rsquo;abb\u00e9 Malherbe.<\/p>\n<p><a href=\"http:\/\/www.eglise-wallonie.be\/wp-content\/uploads\/W.2008.messe_.pdf\">Messe W 2008<\/a><br \/>\n<a href=\"http:\/\/www.eglise-wallonie.be\/wp-content\/uploads\/W.2007.messe_.pdf\">Messe W 2007<\/a><br \/>\n<a href=\"http:\/\/www.eglise-wallonie.be\/wp-content\/uploads\/W.2006.messe_.pdf\">Messe<\/a> <a href=\"http:\/\/www.eglise-wallonie.be\/wp-content\/uploads\/W.2006.messe_.pdf\">W 2006<\/a><br \/>\n<a href=\"http:\/\/www.eglise-wallonie.be\/wp-content\/uploads\/W.2005.messe_.pdf\">Messe W 2005<\/a><\/p>\n","protected":false},"excerpt":{"rendered":"<p>&nbsp; Union Culturelle Wallonne Pri\u00e8re pour la Wallonie pr\u00e9face de Louis Dubois en 8 dialectes : Namur (dialecte de Moustier-sur-Sambre), Le Centre (dialecte de La Louvi\u00e8re), Charleroi (dialecte de Jumet),&#8230;<\/p>\n","protected":false},"author":1,"featured_media":0,"parent":0,"menu_order":0,"comment_status":"open","ping_status":"open","template":"","meta":[],"_links":{"self":[{"href":"https:\/\/www.eglise-wallonie.be\/index.php?rest_route=\/wp\/v2\/pages\/1838"}],"collection":[{"href":"https:\/\/www.eglise-wallonie.be\/index.php?rest_route=\/wp\/v2\/pages"}],"about":[{"href":"https:\/\/www.eglise-wallonie.be\/index.php?rest_route=\/wp\/v2\/types\/page"}],"author":[{"embeddable":true,"href":"https:\/\/www.eglise-wallonie.be\/index.php?rest_route=\/wp\/v2\/users\/1"}],"replies":[{"embeddable":true,"href":"https:\/\/www.eglise-wallonie.be\/index.php?rest_route=%2Fwp%2Fv2%2Fcomments&post=1838"}],"version-history":[{"count":14,"href":"https:\/\/www.eglise-wallonie.be\/index.php?rest_route=\/wp\/v2\/pages\/1838\/revisions"}],"predecessor-version":[{"id":2600,"href":"https:\/\/www.eglise-wallonie.be\/index.php?rest_route=\/wp\/v2\/pages\/1838\/revisions\/2600"}],"wp:attachment":[{"href":"https:\/\/www.eglise-wallonie.be\/index.php?rest_route=%2Fwp%2Fv2%2Fmedia&parent=1838"}],"curies":[{"name":"wp","href":"https:\/\/api.w.org\/{rel}","templated":true}]}}